{"id":10842,"date":"2022-10-12T12:58:10","date_gmt":"2022-10-12T12:58:10","guid":{"rendered":"https:\/\/www.solargraf.com\/?page_id=10842"},"modified":"2023-08-23T15:35:25","modified_gmt":"2023-08-23T15:35:25","slug":"precos","status":"publish","type":"page","link":"https:\/\/www.solargraf.com\/pt-br\/precos\/","title":{"rendered":"Pricing &#8211; Brazil"},"content":{"rendered":"[vc_row type=&#8221;full_width_background&#8221; full_screen_row_position=&#8221;middle&#8221; column_margin=&#8221;default&#8221; column_direction=&#8221;default&#8221; column_direction_tablet=&#8221;default&#8221; column_direction_phone=&#8221;default&#8221; bg_color=&#8221;#ffffff&#8221; scene_position=&#8221;center&#8221; top_padding=&#8221;6%&#8221; bottom_padding=&#8221;5%&#8221; top_padding_phone=&#8221;10%&#8221; text_color=&#8221;light&#8221; text_align=&#8221;center&#8221; row_border_radius=&#8221;none&#8221; row_border_radius_applies=&#8221;bg&#8221; enable_gradient=&#8221;true&#8221; color_overlay=&#8221;#e9e9ed&#8221; color_overlay_2=&#8221;#ffffff&#8221; overlay_strength=&#8221;1&#8243; gradient_direction=&#8221;top_to_bottom&#8221; shape_divider_position=&#8221;bottom&#8221; shape_divider_height=&#8221;160px&#8221; bg_image_animation=&#8221;fade-in&#8221; parallax_bg=&#8221;true&#8221; parallax_bg_speed=&#8221;fast&#8221; shape_type=&#8221;waves_opacity_alt&#8221;][vc_column column_padding=&#8221;no-extra-padding&#8221; column_padding_tablet=&#8221;inherit&#8221; column_padding_phone=&#8221;inherit&#8221; column_padding_position=&#8221;all&#8221; background_color_opacity=&#8221;1&#8243; background_hover_color_opacity=&#8221;1&#8243; column_shadow=&#8221;none&#8221; column_border_radius=&#8221;none&#8221; column_link_target=&#8221;_self&#8221; gradient_direction=&#8221;left_to_right&#8221; overlay_strength=&#8221;0.3&#8243; width=&#8221;1\/1&#8243; tablet_width_inherit=&#8221;default&#8221; tablet_text_alignment=&#8221;default&#8221; phone_text_alignment=&#8221;default&#8221; column_border_width=&#8221;none&#8221; column_border_style=&#8221;solid&#8221; bg_image_animation=&#8221;none&#8221;][vc_column_text css_animation=&#8221;bottom-to-top&#8221; css=&#8221;.vc_custom_1687457166944{padding-top: 15px !important;padding-bottom: 35px !important;}&#8221;]\n<h1 style=\"text-align: center; color: #000;\"><strong>Investimento\u200b<\/strong><\/h1>\n[\/vc_column_text][vc_column_text max_width=&#8221;700&#8243; css=&#8221;.vc_custom_1687457208667{padding-right: 40px !important;padding-left: 40px !important;}&#8221;]\n<p style=\"text-align: center; color: #000;\"><strong>Venda mais, gaste menos\u200b<br \/>\n<\/strong><\/p>\n[\/vc_column_text][vc_column_text]\n<p style=\"text-align: center; color: #000;\">Solargraf: um percurso simples e inteligente do design \u00e0 instala\u00e7\u00e3o.\u200b<\/p>\n[\/vc_column_text][vc_row_inner column_margin=&#8221;default&#8221; column_direction=&#8221;default&#8221; column_direction_tablet=&#8221;default&#8221; column_direction_phone=&#8221;default&#8221; text_align=&#8221;left&#8221;][vc_column_inner column_padding=&#8221;no-extra-padding&#8221; column_padding_tablet=&#8221;inherit&#8221; column_padding_phone=&#8221;inherit&#8221; column_padding_position=&#8221;all&#8221; background_color_opacity=&#8221;1&#8243; background_hover_color_opacity=&#8221;1&#8243; column_shadow=&#8221;none&#8221; column_border_radius=&#8221;none&#8221; column_link_target=&#8221;_self&#8221; gradient_direction=&#8221;left_to_right&#8221; overlay_strength=&#8221;0.3&#8243; width=&#8221;1\/6&#8243; tablet_width_inherit=&#8221;default&#8221; column_border_width=&#8221;none&#8221; column_border_style=&#8221;solid&#8221; bg_image_animation=&#8221;none&#8221; enable_animation=&#8221;true&#8221; animation=&#8221;fade-in&#8221; delay=&#8221;800&#8243;][\/vc_column_inner][vc_column_inner column_padding=&#8221;no-extra-padding&#8221; column_padding_tablet=&#8221;inherit&#8221; column_padding_phone=&#8221;inherit&#8221; column_padding_position=&#8221;all&#8221; background_color_opacity=&#8221;1&#8243; background_hover_color_opacity=&#8221;1&#8243; column_shadow=&#8221;none&#8221; column_border_radius=&#8221;none&#8221; column_link_target=&#8221;_self&#8221; gradient_direction=&#8221;left_to_right&#8221; overlay_strength=&#8221;0.3&#8243; width=&#8221;2\/3&#8243; tablet_width_inherit=&#8221;default&#8221; column_border_width=&#8221;none&#8221; column_border_style=&#8221;solid&#8221; bg_image_animation=&#8221;none&#8221;][divider line_type=&#8221;No Line&#8221; custom_height=&#8221;30&#8243;][nectar_cta btn_style=&#8221;basic&#8221; heading_tag=&#8221;p&#8221; text_color=&#8221;#ffffff&#8221; button_color=&#8221;accent-color&#8221; button_color_hover=&#8221;#000000&#8243; link_type=&#8221;regular&#8221; alignment=&#8221;center&#8221; display=&#8221;block&#8221; link_text=&#8221;Inscreva-se agora&#8221; url=&#8221;https:\/\/www.solargraf.com\/de\/registrieren\/&#8221; margin_top=&#8221;30&#8243; padding_top=&#8221;20&#8243; padding_right=&#8221;40&#8243; padding_bottom=&#8221;20&#8243; padding_left=&#8221;40&#8243; class=&#8221;hover&#8221;][divider line_type=&#8221;No Line&#8221; custom_height=&#8221;30&#8243;][\/vc_column_inner][vc_column_inner column_padding=&#8221;no-extra-padding&#8221; column_padding_tablet=&#8221;inherit&#8221; column_padding_phone=&#8221;inherit&#8221; column_padding_position=&#8221;all&#8221; background_color_opacity=&#8221;1&#8243; background_hover_color_opacity=&#8221;1&#8243; column_shadow=&#8221;none&#8221; column_border_radius=&#8221;none&#8221; column_link_target=&#8221;_self&#8221; gradient_direction=&#8221;left_to_right&#8221; overlay_strength=&#8221;0.3&#8243; width=&#8221;1\/6&#8243; tablet_width_inherit=&#8221;default&#8221; column_border_width=&#8221;none&#8221; column_border_style=&#8221;solid&#8221; bg_image_animation=&#8221;none&#8221;][\/vc_column_inner][\/vc_row_inner][\/vc_column][\/vc_row][vc_row type=&#8221;in_container&#8221; full_screen_row_position=&#8221;middle&#8221; column_margin=&#8221;default&#8221; equal_height=&#8221;yes&#8221; column_direction=&#8221;default&#8221; column_direction_tablet=&#8221;default&#8221; column_direction_phone=&#8221;default&#8221; scene_position=&#8221;center&#8221; text_color=&#8221;dark&#8221; text_align=&#8221;left&#8221; row_border_radius=&#8221;none&#8221; row_border_radius_applies=&#8221;bg&#8221; overlay_strength=&#8221;0.3&#8243; gradient_direction=&#8221;left_to_right&#8221; shape_divider_position=&#8221;bottom&#8221; bg_image_animation=&#8221;none&#8221; shape_type=&#8221;&#8221;][vc_column column_padding=&#8221;padding-2-percent&#8221; column_padding_tablet=&#8221;inherit&#8221; column_padding_phone=&#8221;inherit&#8221; column_padding_position=&#8221;all&#8221; background_color=&#8221;#f8f8f9&#8243; background_color_opacity=&#8221;1&#8243; background_hover_color_opacity=&#8221;1&#8243; column_shadow=&#8221;none&#8221; column_border_radius=&#8221;10px&#8221; column_link_target=&#8221;_self&#8221; gradient_direction=&#8221;left_to_right&#8221; overlay_strength=&#8221;0.3&#8243; width=&#8221;1\/4&#8243; tablet_width_inherit=&#8221;default&#8221; tablet_text_alignment=&#8221;default&#8221; phone_text_alignment=&#8221;default&#8221; column_border_width=&#8221;none&#8221; bg_image_animation=&#8221;none&#8221;][vc_column_text css=&#8221;.vc_custom_1687784077434{padding-top: 10px !important;padding-bottom: 10px !important;}&#8221;]\n<h4 style=\"text-align: center; color: #4370e4;\"><strong>Pacote iniciante<\/strong><\/h4>\n[\/vc_column_text][divider line_type=&#8221;No Line&#8221; custom_height=&#8221;14&#8243;][divider line_type=&#8221;Full Width Line&#8221; line_thickness=&#8221;1&#8243; divider_color=&#8221;default&#8221;][vc_column_text css=&#8221;.vc_custom_1692795032949{padding-top: 15px !important;padding-bottom: 10px !important;}&#8221;]\n<h4 style=\"text-align: center; color: #4370e4;\">R$249<span class=\"TextRun SCXW163513304 BCX0\" lang=\"EN-US\" xml:lang=\"EN-US\" data-contrast=\"none\"><span class=\"NormalTextRun SCXW163513304 BCX0\">.00<\/span><\/span>\/m\u00eas<\/h4>\n<p style=\"text-align: center;\">ou economize 30% no plano anual<strong><br \/>\n<\/strong><\/p>\n[\/vc_column_text][divider line_type=&#8221;Full Width Line&#8221; line_thickness=&#8221;1&#8243; divider_color=&#8221;default&#8221;][vc_column_text css=&#8221;.vc_custom_1685454430009{padding-top: 15px !important;padding-bottom: 10px !important;}&#8221;]\n<p style=\"text-align: center;\"><b>Projetos ilimitados<\/b><\/p>\n[\/vc_column_text][divider line_type=&#8221;Full Width Line&#8221; line_thickness=&#8221;1&#8243; divider_color=&#8221;default&#8221;][vc_column_text css=&#8221;.vc_custom_1687354535912{padding-top: 15px !important;padding-bottom: 10px !important;}&#8221;]\n<p style=\"text-align: center;\"><b>1 usu\u00e1rios<\/b><\/p>\n[\/vc_column_text][divider line_type=&#8221;Full Width Line&#8221; line_thickness=&#8221;1&#8243; divider_color=&#8221;default&#8221;][vc_column_text css=&#8221;.vc_custom_1692804533485{padding-top: 15px !important;padding-bottom: 10px !important;}&#8221;]\n<p style=\"text-align: center;\"><strong>R$199\/<span class=\"TextRun Highlight SCXW64787495 BCX0\" lang=\"ES-ES\" xml:lang=\"ES-ES\" data-contrast=\"none\"><span class=\"NormalTextRun SCXW64787495 BCX0\">m\u00eas<\/span><\/span><span class=\"LineBreakBlob BlobObject DragDrop SCXW64787495 BCX0\"><span class=\"SCXW64787495 BCX0\">\u00a0<\/span><\/span><br \/>\n<\/strong><span class=\"NormalTextRun SCXW64787495 BCX0\">por <\/span><span class=\"NormalTextRun SpellingErrorV2Themed SCXW64787495 BCX0\">usu\u00e1rio<\/span><span class=\"NormalTextRun SCXW64787495 BCX0\"> adicional *<\/span><\/p>\n[\/vc_column_text][\/vc_column][vc_column column_padding=&#8221;padding-2-percent&#8221; column_padding_tablet=&#8221;inherit&#8221; column_padding_phone=&#8221;inherit&#8221; column_padding_position=&#8221;all&#8221; background_color=&#8221;#f8f8f9&#8243; background_color_opacity=&#8221;1&#8243; background_hover_color_opacity=&#8221;1&#8243; column_shadow=&#8221;none&#8221; column_border_radius=&#8221;10px&#8221; column_link_target=&#8221;_self&#8221; gradient_direction=&#8221;left_to_right&#8221; overlay_strength=&#8221;0.3&#8243; width=&#8221;1\/4&#8243; tablet_width_inherit=&#8221;default&#8221; tablet_text_alignment=&#8221;default&#8221; phone_text_alignment=&#8221;default&#8221; column_border_width=&#8221;none&#8221; bg_image_animation=&#8221;none&#8221;][vc_column_text css=&#8221;.vc_custom_1685454676968{padding-top: 10px !important;padding-bottom: 10px !important;}&#8221;]\n<h4 style=\"text-align: center; color: #4370e4;\">Vers\u00e3o para pequenos neg\u00f3cios<\/h4>\n[\/vc_column_text][divider line_type=&#8221;Full Width Line&#8221; line_thickness=&#8221;1&#8243; divider_color=&#8221;default&#8221;][vc_column_text css=&#8221;.vc_custom_1692795050756{padding-top: 15px !important;padding-bottom: 10px !important;}&#8221;]\n<h4 style=\"text-align: center; color: #4370e4;\"><span class=\"TextRun Highlight SCXW96992426 BCX0\" lang=\"ES-ES\" xml:lang=\"ES-ES\" data-contrast=\"none\"><span class=\"NormalTextRun SCXW96992426 BCX0\">R$<\/span><span class=\"NormalTextRun SCXW96992426 BCX0\">799.00<\/span><\/span><span class=\"TextRun SCXW96992426 BCX0\" lang=\"ES-ES\" xml:lang=\"ES-ES\" data-contrast=\"none\"><span class=\"NormalTextRun SCXW96992426 BCX0\">\/<\/span><span class=\"NormalTextRun SpellingErrorV2Themed SCXW96992426 BCX0\">m\u00eas<\/span><\/span><\/h4>\n<p style=\"text-align: center;\">ou economize 30% no plano anual<\/p>\n[\/vc_column_text][divider line_type=&#8221;Full Width Line&#8221; line_thickness=&#8221;1&#8243; divider_color=&#8221;default&#8221;][vc_column_text css=&#8221;.vc_custom_1685454438634{padding-top: 15px !important;padding-bottom: 10px !important;}&#8221;]\n<p style=\"text-align: center;\"><b>Projetos ilimitados<\/b><\/p>\n[\/vc_column_text][divider line_type=&#8221;Full Width Line&#8221; line_thickness=&#8221;1&#8243; divider_color=&#8221;default&#8221;][vc_column_text css=&#8221;.vc_custom_1685454507521{padding-top: 15px !important;padding-bottom: 10px !important;}&#8221;]\n<p style=\"text-align: center;\"><b>4 usu\u00e1rios<\/b><\/p>\n[\/vc_column_text][divider line_type=&#8221;Full Width Line&#8221; line_thickness=&#8221;1&#8243; divider_color=&#8221;default&#8221;][vc_column_text css=&#8221;.vc_custom_1692804545820{padding-top: 15px !important;padding-bottom: 10px !important;}&#8221;]\n<p style=\"text-align: center;\"><strong><span class=\"NormalTextRun SCXW8833363 BCX0\"><span class=\"NormalTextRun SCXW98322726 BCX0\">R$1<\/span><span class=\"NormalTextRun SCXW98322726 BCX0\">49.00\/<\/span><span class=\"NormalTextRun SCXW98322726 BCX0\">m\u00eas<\/span><br \/>\n<\/span><\/strong><span class=\"NormalTextRun SCXW177246370 BCX0\">por <\/span><span class=\"NormalTextRun SpellingErrorV2Themed SpellingErrorHighlight SCXW177246370 BCX0\">usu\u00e1rio<\/span><span class=\"NormalTextRun SCXW177246370 BCX0\"> adicional *<\/span><\/p>\n[\/vc_column_text][divider line_type=&#8221;No Line&#8221;][\/vc_column][vc_column column_padding=&#8221;padding-2-percent&#8221; column_padding_tablet=&#8221;inherit&#8221; column_padding_phone=&#8221;inherit&#8221; column_padding_position=&#8221;all&#8221; background_color=&#8221;#f8f8f9&#8243; background_color_opacity=&#8221;1&#8243; background_hover_color_opacity=&#8221;1&#8243; column_shadow=&#8221;none&#8221; column_border_radius=&#8221;10px&#8221; column_link_target=&#8221;_self&#8221; gradient_direction=&#8221;left_to_right&#8221; overlay_strength=&#8221;0.3&#8243; width=&#8221;1\/4&#8243; tablet_width_inherit=&#8221;default&#8221; tablet_text_alignment=&#8221;default&#8221; phone_text_alignment=&#8221;default&#8221; column_border_width=&#8221;none&#8221; bg_image_animation=&#8221;none&#8221;][vc_column_text css=&#8221;.vc_custom_1687784083160{padding-top: 10px !important;padding-bottom: 10px !important;}&#8221;]\n<h4 style=\"text-align: center; color: #4370e4;\">Vers\u00e3o para equipes<\/h4>\n[\/vc_column_text][divider line_type=&#8221;No Line&#8221; custom_height=&#8221;14&#8243;][divider line_type=&#8221;Full Width Line&#8221; line_thickness=&#8221;1&#8243; divider_color=&#8221;default&#8221;][vc_column_text css=&#8221;.vc_custom_1692795071624{padding-top: 15px !important;padding-bottom: 10px !important;}&#8221;]\n<h4 style=\"text-align: center; color: #4370e4;\"><span class=\"NormalTextRun SCXW26903454 BCX0\">R$1<\/span><span class=\"NormalTextRun SCXW26903454 BCX0\">,049.00<\/span>\/m\u00eas<\/h4>\n<p style=\"text-align: center;\">ou economize 30% no plano anual<\/p>\n[\/vc_column_text][divider line_type=&#8221;Full Width Line&#8221; line_thickness=&#8221;1&#8243; divider_color=&#8221;default&#8221;][vc_column_text css=&#8221;.vc_custom_1685454445902{padding-top: 15px !important;padding-bottom: 10px !important;}&#8221;]\n<p style=\"text-align: center;\"><b>Projetos ilimitados<\/b><\/p>\n[\/vc_column_text][divider line_type=&#8221;Full Width Line&#8221; line_thickness=&#8221;1&#8243; divider_color=&#8221;default&#8221;][vc_column_text css=&#8221;.vc_custom_1685454512606{padding-top: 15px !important;padding-bottom: 10px !important;}&#8221;]\n<p style=\"text-align: center;\"><b>6 usu\u00e1rios<\/b><\/p>\n[\/vc_column_text][divider line_type=&#8221;Full Width Line&#8221; line_thickness=&#8221;1&#8243; divider_color=&#8221;default&#8221;][vc_column_text css=&#8221;.vc_custom_1692804551392{padding-top: 15px !important;padding-bottom: 10px !important;}&#8221;]\n<p style=\"text-align: center;\"><strong><span class=\"NormalTextRun SCXW123510156 BCX0\">R$<\/span><span class=\"NormalTextRun SCXW123510156 BCX0\">129.00\/<\/span><span class=\"NormalTextRun SCXW123510156 BCX0\">m\u00eas<br \/>\n<\/span><\/strong><span class=\"NormalTextRun SCXW124414978 BCX0\">por <\/span><span class=\"NormalTextRun SpellingErrorV2Themed SCXW124414978 BCX0\">usu\u00e1rio<\/span><span class=\"NormalTextRun SCXW124414978 BCX0\"> adicional *<\/span><\/p>\n[\/vc_column_text][divider line_type=&#8221;No Line&#8221;][\/vc_column][vc_column column_padding=&#8221;padding-2-percent&#8221; column_padding_tablet=&#8221;inherit&#8221; column_padding_phone=&#8221;inherit&#8221; column_padding_position=&#8221;all&#8221; background_color=&#8221;#f8f8f9&#8243; background_color_opacity=&#8221;1&#8243; background_hover_color_opacity=&#8221;1&#8243; column_shadow=&#8221;none&#8221; column_border_radius=&#8221;10px&#8221; column_link_target=&#8221;_self&#8221; gradient_direction=&#8221;left_to_right&#8221; overlay_strength=&#8221;0.3&#8243; width=&#8221;1\/4&#8243; tablet_width_inherit=&#8221;default&#8221; tablet_text_alignment=&#8221;default&#8221; phone_text_alignment=&#8221;default&#8221; column_border_width=&#8221;none&#8221; bg_image_animation=&#8221;none&#8221;][vc_column_text css=&#8221;.vc_custom_1687784087936{padding-top: 10px !important;padding-bottom: 10px !important;}&#8221;]\n<h4 style=\"text-align: center; color: #4370e4;\">Empresa<\/h4>\n[\/vc_column_text][divider line_type=&#8221;No Line&#8221; custom_height=&#8221;14&#8243;][divider line_type=&#8221;Full Width Line&#8221; line_thickness=&#8221;1&#8243; divider_color=&#8221;default&#8221;][vc_column_text css=&#8221;.vc_custom_1685454719853{padding-top: 15px !important;padding-bottom: 30px !important;}&#8221;]\n<h4 style=\"text-align: center; color: #4370e4;\">Solicitar pre\u00e7os<\/h4>\n<p style=\"text-align: center;\">&#8211;<\/p>\n[\/vc_column_text][divider line_type=&#8221;Full Width Line&#8221; line_thickness=&#8221;1&#8243; divider_color=&#8221;default&#8221;][vc_column_text css=&#8221;.vc_custom_1685454453632{padding-top: 15px !important;padding-bottom: 10px !important;}&#8221;]\n<p style=\"text-align: center;\"><b>Projetos ilimitados<\/b><\/p>\n[\/vc_column_text][divider line_type=&#8221;Full Width Line&#8221; line_thickness=&#8221;1&#8243; divider_color=&#8221;default&#8221;][vc_column_text css=&#8221;.vc_custom_1685454531635{padding-top: 15px !important;padding-bottom: 10px !important;}&#8221;]\n<p style=\"text-align: center;\"><strong>Mais usu\u00e1rios<\/strong><\/p>\n[\/vc_column_text][divider line_type=&#8221;Full Width Line&#8221; line_thickness=&#8221;1&#8243; divider_color=&#8221;default&#8221;][vc_column_text css=&#8221;.vc_custom_1665667995845{padding-top: 15px !important;padding-bottom: 30px !important;}&#8221;]\n<p style=\"text-align: center;\">&#8211;<\/p>\n[\/vc_column_text][divider line_type=&#8221;No Line&#8221;][\/vc_column][\/vc_row][vc_row type=&#8221;in_container&#8221; full_screen_row_position=&#8221;middle&#8221; column_margin=&#8221;default&#8221; column_direction=&#8221;default&#8221; column_direction_tablet=&#8221;default&#8221; column_direction_phone=&#8221;default&#8221; bg_color=&#8221;#f8f8f9&#8243; scene_position=&#8221;center&#8221; top_padding=&#8221;20px&#8221; constrain_group_1=&#8221;yes&#8221; bottom_padding=&#8221;20px&#8221; left_padding_desktop=&#8221;20px&#8221; constrain_group_2=&#8221;yes&#8221; right_padding_desktop=&#8221;20px&#8221; text_color=&#8221;dark&#8221; text_align=&#8221;left&#8221; row_border_radius=&#8221;10px&#8221; row_border_radius_applies=&#8221;bg&#8221; overlay_strength=&#8221;0.3&#8243; gradient_direction=&#8221;left_to_right&#8221; shape_divider_position=&#8221;bottom&#8221; bg_image_animation=&#8221;none&#8221; shape_type=&#8221;&#8221;][vc_column column_padding=&#8221;no-extra-padding&#8221; column_padding_tablet=&#8221;inherit&#8221; column_padding_phone=&#8221;inherit&#8221; column_padding_position=&#8221;all&#8221; background_color_opacity=&#8221;1&#8243; background_hover_color_opacity=&#8221;1&#8243; column_shadow=&#8221;none&#8221; column_border_radius=&#8221;none&#8221; column_link_target=&#8221;_self&#8221; gradient_direction=&#8221;left_to_right&#8221; overlay_strength=&#8221;0.3&#8243; width=&#8221;1\/1&#8243; tablet_width_inherit=&#8221;default&#8221; tablet_text_alignment=&#8221;default&#8221; phone_text_alignment=&#8221;default&#8221; column_border_width=&#8221;none&#8221; column_border_style=&#8221;solid&#8221; bg_image_animation=&#8221;none&#8221;][vc_column_text]<span class=\"m_-4317873810157314225ui-provider\">Integradores que compram e instalam grandes volumes de equipamentos da Enphase podem ser eleg\u00edveis a descontos em rela\u00e7\u00e3o aos planos de aquisi\u00e7\u00e3o do Solargraf. Para maiores detalhes, por gentileza, entrar em contato com nosso suporte ao cliente atrav\u00e9s do seguinte n\u00famero: +55 19 45601844<\/span>[\/vc_column_text][\/vc_column][\/vc_row][vc_row type=&#8221;full_width_background&#8221; full_screen_row_position=&#8221;middle&#8221; column_margin=&#8221;default&#8221; column_direction=&#8221;default&#8221; column_direction_tablet=&#8221;default&#8221; column_direction_phone=&#8221;default&#8221; bg_image=&#8221;6112&#8243; bg_position=&#8221;center center&#8221; bg_repeat=&#8221;no-repeat&#8221; scene_position=&#8221;center&#8221; top_padding=&#8221;100&#8243; bottom_padding=&#8221;200&#8243; top_padding_tablet=&#8221;100&#8243; bottom_padding_tablet=&#8221;120&#8243; top_padding_phone=&#8221;10&#8243; bottom_padding_phone=&#8221;100&#8243; text_color=&#8221;dark&#8221; text_align=&#8221;left&#8221; row_border_radius=&#8221;none&#8221; row_border_radius_applies=&#8221;bg&#8221; overlay_strength=&#8221;0.3&#8243; gradient_direction=&#8221;left_to_right&#8221; shape_divider_position=&#8221;bottom&#8221; bg_image_animation=&#8221;zoom-out-reveal&#8221; shape_type=&#8221;&#8221;][vc_column column_padding=&#8221;no-extra-padding&#8221; column_padding_tablet=&#8221;inherit&#8221; column_padding_phone=&#8221;inherit&#8221; column_padding_position=&#8221;all&#8221; background_color_opacity=&#8221;1&#8243; background_hover_color_opacity=&#8221;1&#8243; column_shadow=&#8221;none&#8221; column_border_radius=&#8221;none&#8221; column_link_target=&#8221;_self&#8221; gradient_direction=&#8221;left_to_right&#8221; overlay_strength=&#8221;0.3&#8243; width=&#8221;1\/3&#8243; tablet_width_inherit=&#8221;default&#8221; tablet_text_alignment=&#8221;default&#8221; phone_text_alignment=&#8221;default&#8221; column_border_width=&#8221;none&#8221; column_border_style=&#8221;solid&#8221; bg_image_animation=&#8221;none&#8221;][\/vc_column][vc_column column_padding=&#8221;no-extra-padding&#8221; column_padding_tablet=&#8221;inherit&#8221; column_padding_phone=&#8221;inherit&#8221; column_padding_position=&#8221;all&#8221; background_color_opacity=&#8221;1&#8243; background_hover_color_opacity=&#8221;1&#8243; column_shadow=&#8221;none&#8221; column_border_radius=&#8221;none&#8221; column_link_target=&#8221;_self&#8221; gradient_direction=&#8221;left_to_right&#8221; overlay_strength=&#8221;0.3&#8243; width=&#8221;1\/3&#8243; tablet_width_inherit=&#8221;default&#8221; tablet_text_alignment=&#8221;default&#8221; phone_text_alignment=&#8221;default&#8221; column_border_width=&#8221;none&#8221; column_border_style=&#8221;solid&#8221; bg_image_animation=&#8221;none&#8221;][\/vc_column][vc_column column_padding=&#8221;no-extra-padding&#8221; column_padding_tablet=&#8221;inherit&#8221; column_padding_phone=&#8221;inherit&#8221; column_padding_position=&#8221;all&#8221; centered_text=&#8221;true&#8221; background_color_opacity=&#8221;1&#8243; background_hover_color_opacity=&#8221;1&#8243; column_shadow=&#8221;none&#8221; column_border_radius=&#8221;none&#8221; column_link_target=&#8221;_self&#8221; gradient_direction=&#8221;left_to_right&#8221; overlay_strength=&#8221;0.3&#8243; width=&#8221;1\/3&#8243; tablet_width_inherit=&#8221;default&#8221; tablet_text_alignment=&#8221;default&#8221; phone_text_alignment=&#8221;default&#8221; column_border_width=&#8221;none&#8221; column_border_style=&#8221;solid&#8221; bg_image_animation=&#8221;none&#8221;][vc_column_text]\n<h2 style=\"text-align: center;\"><strong>Trabalhe com rapidez. Trabalhe com intelig\u00eancia.<\/strong><\/h2>\n[\/vc_column_text][nectar_btn size=&#8221;medium&#8221; button_style=&#8221;regular&#8221; button_color_2=&#8221;Accent-Color&#8221; icon_family=&#8221;none&#8221; text=&#8221;Inscreva-se agora&#8221; url=&#8221;https:\/\/www.solargraf.com\/de\/registrieren\/&#8221;][divider line_type=&#8221;No Line&#8221; custom_height=&#8221;45&#8243;][\/vc_column][\/vc_row]\n","protected":false},"excerpt":{"rendered":"<p>[vc_row type=&#8221;full_width_background&#8221; full_screen_row_position=&#8221;middle&#8221; column_margin=&#8221;default&#8221; column_direction=&#8221;default&#8221; column_direction_tablet=&#8221;default&#8221; column_direction_phone=&#8221;default&#8221; bg_color=&#8221;#ffffff&#8221; scene_position=&#8221;center&#8221; top_padding=&#8221;6%&#8221; bottom_padding=&#8221;5%&#8221; top_padding_phone=&#8221;10%&#8221; text_color=&#8221;light&#8221; text_align=&#8221;center&#8221; row_border_radius=&#8221;none&#8221; row_border_radius_applies=&#8221;bg&#8221; enable_gradient=&#8221;true&#8221; color_overlay=&#8221;#e9e9ed&#8221; color_overlay_2=&#8221;#ffffff&#8221; overlay_strength=&#8221;1&#8243; gradient_direction=&#8221;top_to_bottom&#8221; shape_divider_position=&#8221;bottom&#8221; shape_divider_height=&#8221;160px&#8221; bg_image_animation=&#8221;fade-in&#8221; parallax_bg=&#8221;true&#8221; parallax_bg_speed=&#8221;fast&#8221; shape_type=&#8221;waves_opacity_alt&#8221;][vc_column column_padding=&#8221;no-extra-padding&#8221; column_padding_tablet=&#8221;inherit&#8221; column_padding_phone=&#8221;inherit&#8221;&#8230;<\/p>\n","protected":false},"author":20,"featured_media":0,"parent":0,"menu_order":0,"comment_status":"closed","ping_status":"closed","template":"","meta":{"footnotes":""},"class_list":["post-10842","page","type-page","status-publish"],"aioseo_notices":[],"_links":{"self":[{"href":"https:\/\/www.solargraf.com\/pt-br\/wp-json\/wp\/v2\/pages\/10842","targetHints":{"allow":["GET"]}}],"collection":[{"href":"https:\/\/www.solargraf.com\/pt-br\/wp-json\/wp\/v2\/pages"}],"about":[{"href":"https:\/\/www.solargraf.com\/pt-br\/wp-json\/wp\/v2\/types\/page"}],"author":[{"embeddable":true,"href":"https:\/\/www.solargraf.com\/pt-br\/wp-json\/wp\/v2\/users\/20"}],"replies":[{"embeddable":true,"href":"https:\/\/www.solargraf.com\/pt-br\/wp-json\/wp\/v2\/comments?post=10842"}],"version-history":[{"count":26,"href":"https:\/\/www.solargraf.com\/pt-br\/wp-json\/wp\/v2\/pages\/10842\/revisions"}],"predecessor-version":[{"id":12952,"href":"https:\/\/www.solargraf.com\/pt-br\/wp-json\/wp\/v2\/pages\/10842\/revisions\/12952"}],"wp:attachment":[{"href":"https:\/\/www.solargraf.com\/pt-br\/wp-json\/wp\/v2\/media?parent=10842"}],"curies":[{"name":"wp","href":"https:\/\/api.w.org\/{rel}","templated":true}]}}