{"id":14914,"date":"2023-12-01T17:24:38","date_gmt":"2023-12-01T17:24:38","guid":{"rendered":"https:\/\/www.solargraf.com\/?page_id=14914"},"modified":"2024-09-19T13:06:51","modified_gmt":"2024-09-19T13:06:51","slug":"thank-you-german","status":"publish","type":"page","link":"https:\/\/www.solargraf.com\/de\/thank-you-german\/","title":{"rendered":"Thank You German"},"content":{"rendered":"[vc_row type=&#8220;full_width_background&#8220; full_screen_row_position=&#8220;middle&#8220; column_margin=&#8220;default&#8220; column_direction=&#8220;default&#8220; column_direction_tablet=&#8220;default&#8220; column_direction_phone=&#8220;default&#8220; bg_color=&#8220;#f8f8f9&#8243; scene_position=&#8220;center&#8220; top_padding=&#8220;100px&#8220; bottom_padding=&#8220;100px&#8220; left_padding_tablet=&#8220;0&#8243; left_padding_phone=&#8220;0&#8243; right_padding_phone=&#8220;0&#8243; text_color=&#8220;dark&#8220; text_align=&#8220;left&#8220; row_border_radius=&#8220;none&#8220; row_border_radius_applies=&#8220;bg&#8220; overflow=&#8220;visible&#8220; enable_gradient=&#8220;true&#8220; color_overlay=&#8220;#f7d9a9&#8243; color_overlay_2=&#8220;#b288a9&#8243; overlay_strength=&#8220;1&#8243; gradient_direction=&#8220;top_to_bottom&#8220; shape_divider_position=&#8220;bottom&#8220; shape_divider_height=&#8220;150&#8243; bg_image_animation=&#8220;none&#8220; shape_type=&#8220;waves_opacity_alt&#8220;][vc_column column_padding=&#8220;no-extra-padding&#8220; column_padding_tablet=&#8220;inherit&#8220; column_padding_phone=&#8220;inherit&#8220; column_padding_position=&#8220;all&#8220; column_element_direction_desktop=&#8220;default&#8220; column_element_spacing=&#8220;default&#8220; centered_text=&#8220;true&#8220; desktop_text_alignment=&#8220;default&#8220; tablet_text_alignment=&#8220;default&#8220; phone_text_alignment=&#8220;default&#8220; background_color_opacity=&#8220;1&#8243; background_hover_color_opacity=&#8220;1&#8243; column_backdrop_filter=&#8220;none&#8220; column_shadow=&#8220;none&#8220; column_border_radius=&#8220;none&#8220; column_link_target=&#8220;_self&#8220; column_position=&#8220;default&#8220; gradient_direction=&#8220;left_to_right&#8220; overlay_strength=&#8220;0.3&#8243; width=&#8220;1\/1&#8243; tablet_width_inherit=&#8220;default&#8220; animation_type=&#8220;default&#8220; bg_image_animation=&#8220;none&#8220; border_type=&#8220;simple&#8220; column_border_width=&#8220;none&#8220; column_border_style=&#8220;solid&#8220;][vc_row_inner column_margin=&#8220;default&#8220; column_direction=&#8220;default&#8220; column_direction_tablet=&#8220;default&#8220; column_direction_phone=&#8220;default&#8220; text_align=&#8220;left&#8220; row_position=&#8220;default&#8220; row_position_tablet=&#8220;inherit&#8220; row_position_phone=&#8220;inherit&#8220; overflow=&#8220;visible&#8220; pointer_events=&#8220;all&#8220;][vc_column_inner column_padding=&#8220;no-extra-padding&#8220; column_padding_tablet=&#8220;inherit&#8220; column_padding_phone=&#8220;inherit&#8220; column_padding_position=&#8220;all&#8220; column_element_direction_desktop=&#8220;default&#8220; column_element_spacing=&#8220;default&#8220; desktop_text_alignment=&#8220;left&#8220; tablet_text_alignment=&#8220;default&#8220; phone_text_alignment=&#8220;default&#8220; background_color_opacity=&#8220;1&#8243; background_hover_color_opacity=&#8220;1&#8243; column_backdrop_filter=&#8220;none&#8220; column_shadow=&#8220;none&#8220; column_border_radius=&#8220;none&#8220; column_link_target=&#8220;_self&#8220; overflow=&#8220;visible&#8220; gradient_direction=&#8220;left_to_right&#8220; overlay_strength=&#8220;0.3&#8243; width=&#8220;1\/1&#8243; tablet_width_inherit=&#8220;default&#8220; animation_type=&#8220;default&#8220; bg_image_animation=&#8220;none&#8220; border_type=&#8220;simple&#8220; column_border_width=&#8220;none&#8220; column_border_style=&#8220;solid&#8220; column_padding_type=&#8220;default&#8220; gradient_type=&#8220;default&#8220;][\/vc_column_inner][\/vc_row_inner][vc_custom_heading text=&#8220;Vielen Dank f\u00fcr Ihr Interesse an Solargraf&#8220; font_container=&#8220;tag:h1|text_align:center|color:%23000000&#8243; use_theme_fonts=&#8220;yes&#8220; css=&#8220;.vc_custom_1701185937477{margin-bottom: 5% !important;}&#8220;][divider line_type=&#8220;No Line&#8220; custom_height=&#8220;45px&#8220;][vc_column_text]Vielen Dank f\u00fcr Ihr Interesse an Solargraf. Sie erhalten in K\u00fcrze eine E-Mail zur Aktivierung Ihres Kontos zusammen mit Ihren Anmeldedaten.<\/p>\n<p>Wir empfehlen Ihnen dringend, sich \u00fcber den Webinar-Registrierungslink f\u00fcr die Solargraf-Produkteinf\u00fchrung zu registrieren, bevor Sie das Tool nutzen. Sie erhalten alle relevanten Informationen, um Ihren Account ordnungsgem\u00e4\u00df einzurichten und alle Vorteile zu nutzen, die Ihnen das Tool bietet![\/vc_column_text][vc_column_text]\n<p>F\u00fcr das Solargraf Webinar\u202fanmelden<\/p>\n[\/vc_column_text][image_with_animation image_url=&#8220;18382&#8243; image_size=&#8220;full&#8220; animation_type=&#8220;entrance&#8220; animation=&#8220;None&#8220; animation_movement_type=&#8220;transform_y&#8220; hover_animation=&#8220;none&#8220; alignment=&#8220;center&#8220; border_radius=&#8220;none&#8220; box_shadow=&#8220;none&#8220; image_loading=&#8220;default&#8220; max_width=&#8220;100%&#8220; max_width_mobile=&#8220;default&#8220;][divider line_type=&#8220;No Line&#8220; custom_height=&#8220;30px&#8220;][nectar_btn size=&#8220;jumbo&#8220; open_new_tab=&#8220;true&#8220; button_style=&#8220;regular&#8220; button_color_2=&#8220;Accent-Color&#8220; icon_family=&#8220;none&#8220; text=&#8220;Jetzt registrieren&#8220; url=&#8220;https:\/\/register.gotowebinar.com\/rt\/1331364987234507097?source=Activation&#8220;][divider line_type=&#8220;No Line&#8220; custom_height=&#8220;30px&#8220;][vc_column_text css=&#8220;.vc_custom_1726678949605{padding-top: 35px !important;padding-right: 35px !important;padding-bottom: 35px !important;padding-left: 35px !important;background-color: #e0e0e0 !important;border-radius: 10px !important;}&#8220; text_direction=&#8220;default&#8220;]Hilfe bei Ihrem ersten Projekt erhalten Sie auf unserem <a href=\"https:\/\/www.youtube.com\/playlist?list=PLqZbVBLbVZ5tVovjeOS1pc_fH0t8Q1sdy\" target=\"_blank\" rel=\"noopener\">Solargraf Youtube<\/a> Kanal.<\/p>\n<p>Bei\u00a0Fragen\u00a0k\u00f6nnen\u00a0Sie\u00a0sich\u00a0gern\u00a0unter\u00a0folgenden\u00a0Kontaktdaten\u00a0 an\u00a0unseren\u00a0Kundendienst\u00a0wenden:\u200b<\/p>\n<p>Email:\u00a0<a href=\"mailto:support_dach@enphaseenergy.com\u200b\">support_dach@enphaseenergy.com\u200b<\/a><\/p>\n<p>Danke,\u00a0dass\u00a0Sie die\u00a0Energiewende\u00a0gemeinsam\u00a0mit\u00a0uns\u00a0voranbringen!\u200b[\/vc_column_text][\/vc_column][\/vc_row]\n","protected":false},"excerpt":{"rendered":"<p>[vc_row type=&#8220;full_width_background&#8220; full_screen_row_position=&#8220;middle&#8220; column_margin=&#8220;default&#8220; column_direction=&#8220;default&#8220; column_direction_tablet=&#8220;default&#8220; column_direction_phone=&#8220;default&#8220; bg_color=&#8220;#f8f8f9&#8243; scene_position=&#8220;center&#8220; top_padding=&#8220;100px&#8220; bottom_padding=&#8220;100px&#8220; left_padding_tablet=&#8220;0&#8243; left_padding_phone=&#8220;0&#8243; right_padding_phone=&#8220;0&#8243; text_color=&#8220;dark&#8220; text_align=&#8220;left&#8220; row_border_radius=&#8220;none&#8220; row_border_radius_applies=&#8220;bg&#8220; overflow=&#8220;visible&#8220; enable_gradient=&#8220;true&#8220; color_overlay=&#8220;#f7d9a9&#8243; color_overlay_2=&#8220;#b288a9&#8243; overlay_strength=&#8220;1&#8243; gradient_direction=&#8220;top_to_bottom&#8220; shape_divider_position=&#8220;bottom&#8220; shape_divider_height=&#8220;150&#8243; bg_image_animation=&#8220;none&#8220; shape_type=&#8220;waves_opacity_alt&#8220;][vc_column column_padding=&#8220;no-extra-padding&#8220; column_padding_tablet=&#8220;inherit&#8220;&#8230;<\/p>\n","protected":false},"author":10,"featured_media":0,"parent":0,"menu_order":0,"comment_status":"closed","ping_status":"closed","template":"","meta":{"footnotes":""},"class_list":["post-14914","page","type-page","status-publish"],"aioseo_notices":[],"_links":{"self":[{"href":"https:\/\/www.solargraf.com\/de\/wp-json\/wp\/v2\/pages\/14914","targetHints":{"allow":["GET"]}}],"collection":[{"href":"https:\/\/www.solargraf.com\/de\/wp-json\/wp\/v2\/pages"}],"about":[{"href":"https:\/\/www.solargraf.com\/de\/wp-json\/wp\/v2\/types\/page"}],"author":[{"embeddable":true,"href":"https:\/\/www.solargraf.com\/de\/wp-json\/wp\/v2\/users\/10"}],"replies":[{"embeddable":true,"href":"https:\/\/www.solargraf.com\/de\/wp-json\/wp\/v2\/comments?post=14914"}],"version-history":[{"count":4,"href":"https:\/\/www.solargraf.com\/de\/wp-json\/wp\/v2\/pages\/14914\/revisions"}],"predecessor-version":[{"id":18388,"href":"https:\/\/www.solargraf.com\/de\/wp-json\/wp\/v2\/pages\/14914\/revisions\/18388"}],"wp:attachment":[{"href":"https:\/\/www.solargraf.com\/de\/wp-json\/wp\/v2\/media?parent=14914"}],"curies":[{"name":"wp","href":"https:\/\/api.w.org\/{rel}","templated":true}]}}